{"id":2463,"date":"2014-05-04T14:57:47","date_gmt":"2014-05-04T12:57:47","guid":{"rendered":"http:\/\/www.www.ortodonzialinguale.net\/?page_id=2463"},"modified":"2020-04-01T18:56:47","modified_gmt":"2020-04-01T16:56:47","slug":"salute-dentale","status":"publish","type":"page","link":"https:\/\/www.ortodonzialinguale.net\/it\/estetica-dentale\/salute-dentale\/","title":{"rendered":"Salute dentale"},"content":{"rendered":"\t\t<div data-elementor-type=\"wp-page\" data-elementor-id=\"2463\" class=\"elementor elementor-2463\" data-elementor-post-type=\"page\">\n\t\t\t\t\t\t<section class=\"elementor-section elementor-top-section elementor-element elementor-element-2933344 elementor-section-full_width elementor-section-height-default elementor-section-height-default\" data-id=\"2933344\" data-element_type=\"section\" data-settings=\"{&quot;jet_parallax_layout_list&quot;:[]}\">\n\t\t\t\t\t\t<div class=\"elementor-container elementor-column-gap-no\">\n\t\t\t\t\t<div class=\"elementor-column elementor-col-100 elementor-top-column elementor-element elementor-element-e2cfa8f\" data-id=\"e2cfa8f\" data-element_type=\"column\">\n\t\t\t<div class=\"elementor-widget-wrap elementor-element-populated\">\n\t\t\t\t\t\t<div class=\"elementor-element elementor-element-3b02f1e elementor-widget elementor-widget-template\" data-id=\"3b02f1e\" data-element_type=\"widget\" data-widget_type=\"template.default\">\n\t\t\t\t<div class=\"elementor-widget-container\">\n\t\t\t\t\t\t\t<div class=\"elementor-template\">\n\t\t\t\t\t<div data-elementor-type=\"section\" data-elementor-id=\"6909\" class=\"elementor elementor-6909\" data-elementor-post-type=\"elementor_library\">\n\t\t\t\t\t<section class=\"elementor-section elementor-top-section elementor-element elementor-element-68b9387 elementor-section-height-min-height elementor-section-stretched elementor-section-boxed elementor-section-height-default elementor-section-items-middle\" data-id=\"68b9387\" data-element_type=\"section\" data-settings=\"{&quot;background_background&quot;:&quot;classic&quot;,&quot;stretch_section&quot;:&quot;section-stretched&quot;,&quot;jet_parallax_layout_list&quot;:[{&quot;jet_parallax_layout_image&quot;:{&quot;url&quot;:&quot;&quot;,&quot;id&quot;:&quot;&quot;,&quot;size&quot;:&quot;&quot;},&quot;_id&quot;:&quot;7dc788b&quot;,&quot;jet_parallax_layout_image_tablet&quot;:{&quot;url&quot;:&quot;&quot;,&quot;id&quot;:&quot;&quot;,&quot;size&quot;:&quot;&quot;},&quot;jet_parallax_layout_image_mobile&quot;:{&quot;url&quot;:&quot;&quot;,&quot;id&quot;:&quot;&quot;,&quot;size&quot;:&quot;&quot;},&quot;jet_parallax_layout_speed&quot;:{&quot;unit&quot;:&quot;%&quot;,&quot;size&quot;:50,&quot;sizes&quot;:[]},&quot;jet_parallax_layout_type&quot;:&quot;scroll&quot;,&quot;jet_parallax_layout_direction&quot;:&quot;1&quot;,&quot;jet_parallax_layout_fx_direction&quot;:null,&quot;jet_parallax_layout_z_index&quot;:&quot;&quot;,&quot;jet_parallax_layout_bg_x&quot;:50,&quot;jet_parallax_layout_bg_x_tablet&quot;:&quot;&quot;,&quot;jet_parallax_layout_bg_x_mobile&quot;:&quot;&quot;,&quot;jet_parallax_layout_bg_y&quot;:50,&quot;jet_parallax_layout_bg_y_tablet&quot;:&quot;&quot;,&quot;jet_parallax_layout_bg_y_mobile&quot;:&quot;&quot;,&quot;jet_parallax_layout_bg_size&quot;:&quot;auto&quot;,&quot;jet_parallax_layout_bg_size_tablet&quot;:&quot;&quot;,&quot;jet_parallax_layout_bg_size_mobile&quot;:&quot;&quot;,&quot;jet_parallax_layout_animation_prop&quot;:&quot;transform&quot;,&quot;jet_parallax_layout_on&quot;:[&quot;desktop&quot;,&quot;tablet&quot;]}]}\">\n\t\t\t\t\t\t\t<div class=\"elementor-background-overlay\"><\/div>\n\t\t\t\t\t\t\t<div class=\"elementor-container elementor-column-gap-no\">\n\t\t\t\t\t<div class=\"elementor-column elementor-col-100 elementor-top-column elementor-element elementor-element-ab4852f\" data-id=\"ab4852f\" data-element_type=\"column\">\n\t\t\t<div class=\"elementor-widget-wrap elementor-element-populated\">\n\t\t\t\t\t\t<div class=\"elementor-element elementor-element-7f73476 elementor-widget elementor-widget-heading\" data-id=\"7f73476\" data-element_type=\"widget\" data-widget_type=\"heading.default\">\n\t\t\t\t<div class=\"elementor-widget-container\">\n\t\t\t\t\t<h1 class=\"elementor-heading-title elementor-size-default\">Salute dentale<\/h1>\t\t\t\t<\/div>\n\t\t\t\t<\/div>\n\t\t\t\t\t<\/div>\n\t\t<\/div>\n\t\t\t\t\t<\/div>\n\t\t<\/section>\n\t\t\t\t<\/div>\n\t\t\t\t<\/div>\n\t\t\t\t\t\t<\/div>\n\t\t\t\t<\/div>\n\t\t\t\t\t<\/div>\n\t\t<\/div>\n\t\t\t\t\t<\/div>\n\t\t<\/section>\n\t\t\t\t<section class=\"elementor-section elementor-top-section elementor-element elementor-element-ee53a22 elementor-section-boxed elementor-section-height-default elementor-section-height-default\" data-id=\"ee53a22\" data-element_type=\"section\" data-settings=\"{&quot;jet_parallax_layout_list&quot;:[]}\">\n\t\t\t\t\t\t<div class=\"elementor-container elementor-column-gap-default\">\n\t\t\t\t\t<div class=\"elementor-column elementor-col-100 elementor-top-column elementor-element elementor-element-82dbec5\" data-id=\"82dbec5\" data-element_type=\"column\">\n\t\t\t<div class=\"elementor-widget-wrap elementor-element-populated\">\n\t\t\t\t\t\t<section class=\"elementor-section elementor-inner-section elementor-element elementor-element-79b0205 elementor-section-boxed elementor-section-height-default elementor-section-height-default\" data-id=\"79b0205\" data-element_type=\"section\" data-settings=\"{&quot;jet_parallax_layout_list&quot;:[]}\">\n\t\t\t\t\t\t<div class=\"elementor-container elementor-column-gap-no\">\n\t\t\t\t\t<div class=\"elementor-column elementor-col-33 elementor-inner-column elementor-element elementor-element-2971710\" data-id=\"2971710\" data-element_type=\"column\">\n\t\t\t<div class=\"elementor-widget-wrap elementor-element-populated\">\n\t\t\t\t\t\t<div class=\"elementor-element elementor-element-0e1bb8b elementor-cta--skin-classic elementor-animated-content elementor-bg-transform elementor-bg-transform-zoom-in elementor-widget elementor-widget-call-to-action\" data-id=\"0e1bb8b\" data-element_type=\"widget\" data-widget_type=\"call-to-action.default\">\n\t\t\t\t<div class=\"elementor-widget-container\">\n\t\t\t\t\t\t\t<a class=\"elementor-cta\" href=\"\/wp-content\/uploads\/2014\/05\/igiene-orale.pdf\" target=\"_blank\">\n\t\t\t\t\t<div class=\"elementor-cta__bg-wrapper\">\n\t\t\t\t<div class=\"elementor-cta__bg elementor-bg\" style=\"background-image: url(https:\/\/www.ortodonzialinguale.net\/wp-content\/uploads\/2019\/03\/Come-pulire-I-denti.jpg);\" role=\"img\" aria-label=\"Come-pulire-I-denti\"><\/div>\n\t\t\t\t<div class=\"elementor-cta__bg-overlay\"><\/div>\n\t\t\t<\/div>\n\t\t\t\t\t\t\t<div class=\"elementor-cta__content\">\n\t\t\t\t\n\t\t\t\t\t\t\t\t\t<h3 class=\"elementor-cta__title elementor-cta__content-item elementor-content-item\"><span class=\"ez-toc-section\" id=\"come-pulire-i-denti\"><\/span>\n\t\t\t\t\t\tCome pulire i denti\t\t\t\t\t<span class=\"ez-toc-section-end\"><\/span><\/h3>\n\t\t\t\t\n\t\t\t\t\t\t\t\t\t<div class=\"elementor-cta__description elementor-cta__content-item elementor-content-item\">\n\t\t\t\t\t\tLe pi\u00f9 comuni malattie della bocca sono causate dalla placca batterica. Quest\u2019ultima \u00e8 una sottile pellicola, invisibile a occhio nudo, che aderisce ai denti e a tutte le altre superfici presenti nel cavo orale\u2026\t\t\t\t\t<\/div>\n\t\t\t\t\n\t\t\t\t\t\t\t\t\t<div class=\"elementor-cta__button-wrapper elementor-cta__content-item elementor-content-item \">\n\t\t\t\t\t<span class=\"elementor-cta__button elementor-button elementor-size-\">\n\t\t\t\t\t\tLeggi la Guida\t\t\t\t\t<\/span>\n\t\t\t\t\t<\/div>\n\t\t\t\t\t\t\t<\/div>\n\t\t\t\t\t\t<\/a>\n\t\t\t\t\t\t<\/div>\n\t\t\t\t<\/div>\n\t\t\t\t\t<\/div>\n\t\t<\/div>\n\t\t\t\t<div class=\"elementor-column elementor-col-33 elementor-inner-column elementor-element elementor-element-465aeac\" data-id=\"465aeac\" data-element_type=\"column\">\n\t\t\t<div class=\"elementor-widget-wrap elementor-element-populated\">\n\t\t\t\t\t\t<div class=\"elementor-element elementor-element-bf7489e elementor-cta--skin-classic elementor-animated-content elementor-bg-transform elementor-bg-transform-zoom-in elementor-widget elementor-widget-call-to-action\" data-id=\"bf7489e\" data-element_type=\"widget\" data-widget_type=\"call-to-action.default\">\n\t\t\t\t<div class=\"elementor-widget-container\">\n\t\t\t\t\t\t\t<a class=\"elementor-cta\" href=\"\/wp-content\/uploads\/2014\/05\/denti-sensibili.pdf\" target=\"_blank\">\n\t\t\t\t\t<div class=\"elementor-cta__bg-wrapper\">\n\t\t\t\t<div class=\"elementor-cta__bg elementor-bg\" style=\"background-image: url(https:\/\/www.ortodonzialinguale.net\/wp-content\/uploads\/2019\/03\/Se-I-denti-sono-sensibil.jpg);\" role=\"img\" aria-label=\"Se-I-denti-sono-sensibil\"><\/div>\n\t\t\t\t<div class=\"elementor-cta__bg-overlay\"><\/div>\n\t\t\t<\/div>\n\t\t\t\t\t\t\t<div class=\"elementor-cta__content\">\n\t\t\t\t\n\t\t\t\t\t\t\t\t\t<h3 class=\"elementor-cta__title elementor-cta__content-item elementor-content-item\"><span class=\"ez-toc-section\" id=\"se-i-denti-sono-sensibili\"><\/span>\n\t\t\t\t\t\tSe i denti sono sensibili\t\t\t\t\t<span class=\"ez-toc-section-end\"><\/span><\/h3>\n\t\t\t\t\n\t\t\t\t\t\t\t\t\t<div class=\"elementor-cta__description elementor-cta__content-item elementor-content-item\">\n\t\t\t\t\t\tMolte persone, specialmente tra i 40 e i 50 anni, possono accusare un fastidio o anche un dolore quando cibi dolci o acidi oppure caldi o freddi vengono a contatto con le zone del colletto dei denti\u2026\t\t\t\t\t<\/div>\n\t\t\t\t\n\t\t\t\t\t\t\t\t\t<div class=\"elementor-cta__button-wrapper elementor-cta__content-item elementor-content-item \">\n\t\t\t\t\t<span class=\"elementor-cta__button elementor-button elementor-size-\">\n\t\t\t\t\t\tLeggi la Guida\t\t\t\t\t<\/span>\n\t\t\t\t\t<\/div>\n\t\t\t\t\t\t\t<\/div>\n\t\t\t\t\t\t<\/a>\n\t\t\t\t\t\t<\/div>\n\t\t\t\t<\/div>\n\t\t\t\t\t<\/div>\n\t\t<\/div>\n\t\t\t\t<div class=\"elementor-column elementor-col-33 elementor-inner-column elementor-element elementor-element-85a364f\" data-id=\"85a364f\" data-element_type=\"column\">\n\t\t\t<div class=\"elementor-widget-wrap elementor-element-populated\">\n\t\t\t\t\t\t<div class=\"elementor-element elementor-element-81214f7 elementor-cta--skin-classic elementor-animated-content elementor-bg-transform elementor-bg-transform-zoom-in elementor-widget elementor-widget-call-to-action\" data-id=\"81214f7\" data-element_type=\"widget\" data-widget_type=\"call-to-action.default\">\n\t\t\t\t<div class=\"elementor-widget-container\">\n\t\t\t\t\t\t\t<a class=\"elementor-cta\" href=\"\/wp-content\/uploads\/2014\/05\/alito-cattivo.pdf\" target=\"_blank\">\n\t\t\t\t\t<div class=\"elementor-cta__bg-wrapper\">\n\t\t\t\t<div class=\"elementor-cta__bg elementor-bg\" style=\"background-image: url(https:\/\/www.ortodonzialinguale.net\/wp-content\/uploads\/2019\/03\/L\u2019alito-cattivo.jpg);\" role=\"img\" aria-label=\"L\u2019alito-cattivo\"><\/div>\n\t\t\t\t<div class=\"elementor-cta__bg-overlay\"><\/div>\n\t\t\t<\/div>\n\t\t\t\t\t\t\t<div class=\"elementor-cta__content\">\n\t\t\t\t\n\t\t\t\t\t\t\t\t\t<h3 class=\"elementor-cta__title elementor-cta__content-item elementor-content-item\"><span class=\"ez-toc-section\" id=\"lalito-cattivo\"><\/span>\n\t\t\t\t\t\tL'alito cattivo\t\t\t\t\t<span class=\"ez-toc-section-end\"><\/span><\/h3>\n\t\t\t\t\n\t\t\t\t\t\t\t\t\t<div class=\"elementor-cta__description elementor-cta__content-item elementor-content-item\">\n\t\t\t\t\t\tQuesto disturbo pu\u00f2 interessare chiunque (bambini, adulti, anziani) e pu\u00f2 essere un motivo di disagio, specie nei rapporti interpersonali. Nella maggior parte dei casi \u00e8 legato a cattive\u2026\t\t\t\t\t<\/div>\n\t\t\t\t\n\t\t\t\t\t\t\t\t\t<div class=\"elementor-cta__button-wrapper elementor-cta__content-item elementor-content-item \">\n\t\t\t\t\t<span class=\"elementor-cta__button elementor-button elementor-size-\">\n\t\t\t\t\t\tLeggi la Guida\t\t\t\t\t<\/span>\n\t\t\t\t\t<\/div>\n\t\t\t\t\t\t\t<\/div>\n\t\t\t\t\t\t<\/a>\n\t\t\t\t\t\t<\/div>\n\t\t\t\t<\/div>\n\t\t\t\t\t<\/div>\n\t\t<\/div>\n\t\t\t\t\t<\/div>\n\t\t<\/section>\n\t\t\t\t\t<\/div>\n\t\t<\/div>\n\t\t\t\t\t<\/div>\n\t\t<\/section>\n\t\t\t\t<\/div>\n\t\t","protected":false},"excerpt":{"rendered":"<p>&nbsp; Come pulire i denti Le pi\u00f9 comuni malattie della bocca sono causate dalla placca batterica. Quest\u2019ultima \u00e8 una sottile pellicola, invisibile a occhio nudo, che aderisce ai denti e a tutte le altre superfici presenti nel cavo orale\u2026 Leggi la Guida Se i denti sono sensibili Molte persone, specialmente tra i 40 e i [&hellip;]<\/p>\n","protected":false},"author":6,"featured_media":5329,"parent":2452,"menu_order":6,"comment_status":"closed","ping_status":"closed","template":"","meta":{"site-sidebar-layout":"default","site-content-layout":"default","ast-site-content-layout":"default","site-content-style":"default","site-sidebar-style":"default","ast-global-header-display":"","ast-banner-title-visibility":"","ast-main-header-display":"disabled","ast-hfb-above-header-display":"","ast-hfb-below-header-display":"","ast-hfb-mobile-header-display":"","site-post-title":"disabled","ast-breadcrumbs-content":"disabled","ast-featured-img":"disabled","footer-sml-layout":"disabled","theme-transparent-header-meta":"disabled","adv-header-id-meta":"","stick-header-meta":"","header-above-stick-meta":"","header-main-stick-meta":"","header-below-stick-meta":"","astra-migrate-meta-layouts":"default","ast-page-background-enabled":"default","ast-page-background-meta":{"desktop":{"background-color":"","background-image":"","background-repeat":"repeat","background-position":"center center","background-size":"auto","background-attachment":"scroll","background-type":"","background-media":"","overlay-type":"","overlay-color":"","overlay-opacity":"","overlay-gradient":""},"tablet":{"background-color":"","background-image":"","background-repeat":"repeat","background-position":"center center","background-size":"auto","background-attachment":"scroll","background-type":"","background-media":"","overlay-type":"","overlay-color":"","overlay-opacity":"","overlay-gradient":""},"mobile":{"background-color":"","background-image":"","background-repeat":"repeat","background-position":"center center","background-size":"auto","background-attachment":"scroll","background-type":"","background-media":"","overlay-type":"","overlay-color":"","overlay-opacity":"","overlay-gradient":""}},"ast-content-background-meta":{"desktop":{"background-color":"var(--ast-global-color-5)","background-image":"","background-repeat":"repeat","background-position":"center center","background-size":"auto","background-attachment":"scroll","background-type":"","background-media":"","overlay-type":"","overlay-color":"","overlay-opacity":"","overlay-gradient":""},"tablet":{"background-color":"var(--ast-global-color-5)","background-image":"","background-repeat":"repeat","background-position":"center center","background-size":"auto","background-attachment":"scroll","background-type":"","background-media":"","overlay-type":"","overlay-color":"","overlay-opacity":"","overlay-gradient":""},"mobile":{"background-color":"var(--ast-global-color-5)","background-image":"","background-repeat":"repeat","background-position":"center center","background-size":"auto","background-attachment":"scroll","background-type":"","background-media":"","overlay-type":"","overlay-color":"","overlay-opacity":"","overlay-gradient":""}},"footnotes":""},"class_list":["post-2463","page","type-page","status-publish","has-post-thumbnail","hentry"],"yoast_head":"<!-- This site is optimized with the Yoast SEO plugin v25.8 - https:\/\/yoast.com\/wordpress\/plugins\/seo\/ -->\n<title>Cura Della Salute Dentale | Dr. Gallone | Ortodonzialinguale Catania<\/title>\n<meta name=\"description\" content=\"lo studio dentistico Gallone si occupa della tua salute dentale\" \/>\n<meta name=\"robots\" content=\"index, follow, max-snippet:-1, max-image-preview:large, max-video-preview:-1\" \/>\n<link rel=\"canonical\" href=\"https:\/\/www.ortodonzialinguale.net\/it\/estetica-dentale\/salute-dentale\/\" \/>\n<meta property=\"og:locale\" content=\"it_IT\" \/>\n<meta property=\"og:type\" content=\"article\" \/>\n<meta property=\"og:title\" content=\"Cura Della Salute Dentale | Dr. Gallone | Ortodonzialinguale Catania\" \/>\n<meta property=\"og:description\" content=\"lo studio dentistico Gallone si occupa della tua salute dentale\" \/>\n<meta property=\"og:url\" content=\"https:\/\/www.ortodonzialinguale.net\/it\/estetica-dentale\/salute-dentale\/\" \/>\n<meta property=\"og:site_name\" content=\"Dr. Gallone - Specialista dell&#039;apparecchio fisso invisibile\" \/>\n<meta property=\"article:modified_time\" content=\"2020-04-01T16:56:47+00:00\" \/>\n<meta property=\"og:image\" content=\"https:\/\/www.ortodonzialinguale.net\/wp-content\/uploads\/2019\/03\/Salute-dentale.jpg\" \/>\n\t<meta property=\"og:image:width\" content=\"1920\" \/>\n\t<meta property=\"og:image:height\" content=\"380\" \/>\n\t<meta property=\"og:image:type\" content=\"image\/jpeg\" \/>\n<meta name=\"twitter:label1\" content=\"Tempo di lettura stimato\" \/>\n\t<meta name=\"twitter:data1\" content=\"1 minuto\" \/>\n<script type=\"application\/ld+json\" class=\"yoast-schema-graph\">{\"@context\":\"https:\/\/schema.org\",\"@graph\":[{\"@type\":\"WebPage\",\"@id\":\"https:\/\/www.ortodonzialinguale.net\/it\/estetica-dentale\/salute-dentale\/\",\"url\":\"https:\/\/www.ortodonzialinguale.net\/it\/estetica-dentale\/salute-dentale\/\",\"name\":\"Cura Della Salute Dentale | Dr. Gallone | Ortodonzialinguale Catania\",\"isPartOf\":{\"@id\":\"https:\/\/www.ortodonzialinguale.net\/it\/#website\"},\"primaryImageOfPage\":{\"@id\":\"https:\/\/www.ortodonzialinguale.net\/it\/estetica-dentale\/salute-dentale\/#primaryimage\"},\"image\":{\"@id\":\"https:\/\/www.ortodonzialinguale.net\/it\/estetica-dentale\/salute-dentale\/#primaryimage\"},\"thumbnailUrl\":\"https:\/\/www.ortodonzialinguale.net\/wp-content\/uploads\/2019\/03\/Salute-dentale.jpg\",\"datePublished\":\"2014-05-04T12:57:47+00:00\",\"dateModified\":\"2020-04-01T16:56:47+00:00\",\"description\":\"lo studio dentistico Gallone si occupa della tua salute dentale\",\"breadcrumb\":{\"@id\":\"https:\/\/www.ortodonzialinguale.net\/it\/estetica-dentale\/salute-dentale\/#breadcrumb\"},\"inLanguage\":\"it-IT\",\"potentialAction\":[{\"@type\":\"ReadAction\",\"target\":[\"https:\/\/www.ortodonzialinguale.net\/it\/estetica-dentale\/salute-dentale\/\"]}]},{\"@type\":\"ImageObject\",\"inLanguage\":\"it-IT\",\"@id\":\"https:\/\/www.ortodonzialinguale.net\/it\/estetica-dentale\/salute-dentale\/#primaryimage\",\"url\":\"https:\/\/www.ortodonzialinguale.net\/wp-content\/uploads\/2019\/03\/Salute-dentale.jpg\",\"contentUrl\":\"https:\/\/www.ortodonzialinguale.net\/wp-content\/uploads\/2019\/03\/Salute-dentale.jpg\",\"width\":1920,\"height\":380},{\"@type\":\"BreadcrumbList\",\"@id\":\"https:\/\/www.ortodonzialinguale.net\/it\/estetica-dentale\/salute-dentale\/#breadcrumb\",\"itemListElement\":[{\"@type\":\"ListItem\",\"position\":1,\"name\":\"Home\",\"item\":\"https:\/\/www.ortodonzialinguale.net\/it\/\"},{\"@type\":\"ListItem\",\"position\":2,\"name\":\"Estetica dentale\",\"item\":\"https:\/\/www.ortodonzialinguale.net\/it\/estetica-dentale\/\"},{\"@type\":\"ListItem\",\"position\":3,\"name\":\"Salute dentale\"}]},{\"@type\":\"WebSite\",\"@id\":\"https:\/\/www.ortodonzialinguale.net\/it\/#website\",\"url\":\"https:\/\/www.ortodonzialinguale.net\/it\/\",\"name\":\"Dr. Gallone - Specialista dell&#039;apparecchio fisso invisibile\",\"description\":\"Mostra il tuo sorriso, non il tuo apparecchio!\",\"publisher\":{\"@id\":\"https:\/\/www.ortodonzialinguale.net\/it\/#organization\"},\"potentialAction\":[{\"@type\":\"SearchAction\",\"target\":{\"@type\":\"EntryPoint\",\"urlTemplate\":\"https:\/\/www.ortodonzialinguale.net\/it\/?s={search_term_string}\"},\"query-input\":{\"@type\":\"PropertyValueSpecification\",\"valueRequired\":true,\"valueName\":\"search_term_string\"}}],\"inLanguage\":\"it-IT\"},{\"@type\":\"Organization\",\"@id\":\"https:\/\/www.ortodonzialinguale.net\/it\/#organization\",\"name\":\"Ortodonzia Linguale Catania - Dr. Mariano Gallone\",\"url\":\"https:\/\/www.ortodonzialinguale.net\/it\/\",\"logo\":{\"@type\":\"ImageObject\",\"inLanguage\":\"it-IT\",\"@id\":\"https:\/\/www.ortodonzialinguale.net\/it\/#\/schema\/logo\/image\/\",\"url\":\"https:\/\/www.ortodonzialinguale.net\/wp-content\/uploads\/2018\/06\/LOGO_Gallone2-e1477151430751.png\",\"contentUrl\":\"https:\/\/www.ortodonzialinguale.net\/wp-content\/uploads\/2018\/06\/LOGO_Gallone2-e1477151430751.png\",\"width\":300,\"height\":99,\"caption\":\"Ortodonzia Linguale Catania - Dr. Mariano Gallone\"},\"image\":{\"@id\":\"https:\/\/www.ortodonzialinguale.net\/it\/#\/schema\/logo\/image\/\"}}]}<\/script>\n<!-- \/ Yoast SEO plugin. -->","yoast_head_json":{"title":"Cura Della Salute Dentale | Dr. Gallone | Ortodonzialinguale Catania","description":"lo studio dentistico Gallone si occupa della tua salute dentale","robots":{"index":"index","follow":"follow","max-snippet":"max-snippet:-1","max-image-preview":"max-image-preview:large","max-video-preview":"max-video-preview:-1"},"canonical":"https:\/\/www.ortodonzialinguale.net\/it\/estetica-dentale\/salute-dentale\/","og_locale":"it_IT","og_type":"article","og_title":"Cura Della Salute Dentale | Dr. Gallone | Ortodonzialinguale Catania","og_description":"lo studio dentistico Gallone si occupa della tua salute dentale","og_url":"https:\/\/www.ortodonzialinguale.net\/it\/estetica-dentale\/salute-dentale\/","og_site_name":"Dr. Gallone - Specialista dell&#039;apparecchio fisso invisibile","article_modified_time":"2020-04-01T16:56:47+00:00","og_image":[{"width":1920,"height":380,"url":"https:\/\/www.ortodonzialinguale.net\/wp-content\/uploads\/2019\/03\/Salute-dentale.jpg","type":"image\/jpeg"}],"twitter_misc":{"Tempo di lettura stimato":"1 minuto"},"schema":{"@context":"https:\/\/schema.org","@graph":[{"@type":"WebPage","@id":"https:\/\/www.ortodonzialinguale.net\/it\/estetica-dentale\/salute-dentale\/","url":"https:\/\/www.ortodonzialinguale.net\/it\/estetica-dentale\/salute-dentale\/","name":"Cura Della Salute Dentale | Dr. Gallone | Ortodonzialinguale Catania","isPartOf":{"@id":"https:\/\/www.ortodonzialinguale.net\/it\/#website"},"primaryImageOfPage":{"@id":"https:\/\/www.ortodonzialinguale.net\/it\/estetica-dentale\/salute-dentale\/#primaryimage"},"image":{"@id":"https:\/\/www.ortodonzialinguale.net\/it\/estetica-dentale\/salute-dentale\/#primaryimage"},"thumbnailUrl":"https:\/\/www.ortodonzialinguale.net\/wp-content\/uploads\/2019\/03\/Salute-dentale.jpg","datePublished":"2014-05-04T12:57:47+00:00","dateModified":"2020-04-01T16:56:47+00:00","description":"lo studio dentistico Gallone si occupa della tua salute dentale","breadcrumb":{"@id":"https:\/\/www.ortodonzialinguale.net\/it\/estetica-dentale\/salute-dentale\/#breadcrumb"},"inLanguage":"it-IT","potentialAction":[{"@type":"ReadAction","target":["https:\/\/www.ortodonzialinguale.net\/it\/estetica-dentale\/salute-dentale\/"]}]},{"@type":"ImageObject","inLanguage":"it-IT","@id":"https:\/\/www.ortodonzialinguale.net\/it\/estetica-dentale\/salute-dentale\/#primaryimage","url":"https:\/\/www.ortodonzialinguale.net\/wp-content\/uploads\/2019\/03\/Salute-dentale.jpg","contentUrl":"https:\/\/www.ortodonzialinguale.net\/wp-content\/uploads\/2019\/03\/Salute-dentale.jpg","width":1920,"height":380},{"@type":"BreadcrumbList","@id":"https:\/\/www.ortodonzialinguale.net\/it\/estetica-dentale\/salute-dentale\/#breadcrumb","itemListElement":[{"@type":"ListItem","position":1,"name":"Home","item":"https:\/\/www.ortodonzialinguale.net\/it\/"},{"@type":"ListItem","position":2,"name":"Estetica dentale","item":"https:\/\/www.ortodonzialinguale.net\/it\/estetica-dentale\/"},{"@type":"ListItem","position":3,"name":"Salute dentale"}]},{"@type":"WebSite","@id":"https:\/\/www.ortodonzialinguale.net\/it\/#website","url":"https:\/\/www.ortodonzialinguale.net\/it\/","name":"Dr. Gallone - Specialista dell&#039;apparecchio fisso invisibile","description":"Mostra il tuo sorriso, non il tuo apparecchio!","publisher":{"@id":"https:\/\/www.ortodonzialinguale.net\/it\/#organization"},"potentialAction":[{"@type":"SearchAction","target":{"@type":"EntryPoint","urlTemplate":"https:\/\/www.ortodonzialinguale.net\/it\/?s={search_term_string}"},"query-input":{"@type":"PropertyValueSpecification","valueRequired":true,"valueName":"search_term_string"}}],"inLanguage":"it-IT"},{"@type":"Organization","@id":"https:\/\/www.ortodonzialinguale.net\/it\/#organization","name":"Ortodonzia Linguale Catania - Dr. Mariano Gallone","url":"https:\/\/www.ortodonzialinguale.net\/it\/","logo":{"@type":"ImageObject","inLanguage":"it-IT","@id":"https:\/\/www.ortodonzialinguale.net\/it\/#\/schema\/logo\/image\/","url":"https:\/\/www.ortodonzialinguale.net\/wp-content\/uploads\/2018\/06\/LOGO_Gallone2-e1477151430751.png","contentUrl":"https:\/\/www.ortodonzialinguale.net\/wp-content\/uploads\/2018\/06\/LOGO_Gallone2-e1477151430751.png","width":300,"height":99,"caption":"Ortodonzia Linguale Catania - Dr. Mariano Gallone"},"image":{"@id":"https:\/\/www.ortodonzialinguale.net\/it\/#\/schema\/logo\/image\/"}}]}},"_links":{"self":[{"href":"https:\/\/www.ortodonzialinguale.net\/it\/wp-json\/wp\/v2\/pages\/2463","targetHints":{"allow":["GET"]}}],"collection":[{"href":"https:\/\/www.ortodonzialinguale.net\/it\/wp-json\/wp\/v2\/pages"}],"about":[{"href":"https:\/\/www.ortodonzialinguale.net\/it\/wp-json\/wp\/v2\/types\/page"}],"author":[{"embeddable":true,"href":"https:\/\/www.ortodonzialinguale.net\/it\/wp-json\/wp\/v2\/users\/6"}],"replies":[{"embeddable":true,"href":"https:\/\/www.ortodonzialinguale.net\/it\/wp-json\/wp\/v2\/comments?post=2463"}],"version-history":[{"count":12,"href":"https:\/\/www.ortodonzialinguale.net\/it\/wp-json\/wp\/v2\/pages\/2463\/revisions"}],"predecessor-version":[{"id":7943,"href":"https:\/\/www.ortodonzialinguale.net\/it\/wp-json\/wp\/v2\/pages\/2463\/revisions\/7943"}],"up":[{"embeddable":true,"href":"https:\/\/www.ortodonzialinguale.net\/it\/wp-json\/wp\/v2\/pages\/2452"}],"wp:featuredmedia":[{"embeddable":true,"href":"https:\/\/www.ortodonzialinguale.net\/it\/wp-json\/wp\/v2\/media\/5329"}],"wp:attachment":[{"href":"https:\/\/www.ortodonzialinguale.net\/it\/wp-json\/wp\/v2\/media?parent=2463"}],"curies":[{"name":"wp","href":"https:\/\/api.w.org\/{rel}","templated":true}]}}